{"id":4919,"date":"2025-08-28T21:23:21","date_gmt":"2025-08-28T19:23:21","guid":{"rendered":"https:\/\/hospitality-creators.be\/nog-meer-gastvrijheid\/"},"modified":"2025-10-04T21:01:23","modified_gmt":"2025-10-04T19:01:23","slug":"plus-dhospitalite","status":"publish","type":"page","link":"https:\/\/hospitality-creators.be\/fr\/plus-dhospitalite\/","title":{"rendered":"Plus d\u2019hospitalit\u00e9"},"content":{"rendered":"<p><div class=\"fusion-fullwidth fullwidth-box fusion-builder-row-1 fusion-flex-container has-pattern-background has-mask-background nonhundred-percent-fullwidth non-hundred-percent-height-scrolling\" style=\"--awb-border-radius-top-left:0px;--awb-border-radius-top-right:0px;--awb-border-radius-bottom-right:0px;--awb-border-radius-bottom-left:0px;--awb-padding-top:25px;--awb-padding-right:25px;--awb-padding-bottom:25px;--awb-padding-left:25px;--awb-background-color:var(--awb-custom15);--awb-flex-wrap:wrap;\" ><div class=\"fusion-builder-row fusion-row fusion-flex-align-items-flex-start fusion-flex-content-wrap\" style=\"max-width:1064.96px;margin-left: calc(-4% \/ 2 );margin-right: calc(-4% \/ 2 );\"><div class=\"fusion-layout-column fusion_builder_column fusion-builder-column-0 fusion_builder_column_1_1 1_1 fusion-flex-column\" style=\"--awb-padding-top:50px;--awb-padding-right:50px;--awb-padding-bottom:50px;--awb-padding-left:50px;--awb-bg-size:cover;--awb-width-large:100%;--awb-margin-top-large:0px;--awb-spacing-right-large:1.92%;--awb-margin-bottom-large:20px;--awb-spacing-left-large:1.92%;--awb-width-medium:100%;--awb-order-medium:0;--awb-spacing-right-medium:1.92%;--awb-spacing-left-medium:1.92%;--awb-width-small:100%;--awb-order-small:0;--awb-spacing-right-small:1.92%;--awb-spacing-left-small:1.92%;\" data-scroll-devices=\"small-visibility,medium-visibility,large-visibility\"><div class=\"fusion-column-wrapper fusion-column-has-shadow fusion-flex-justify-content-flex-start fusion-content-layout-column\"><div class=\"fusion-text fusion-text-1\" style=\"--awb-font-size:50px;\"><p><span style=\"color: #fdfbf5;\">Des formations cibl\u00e9es qui marquent les esprits<\/span><\/p>\n<\/div><\/div><\/div><\/div><\/div><div class=\"fusion-fullwidth fullwidth-box fusion-builder-row-2 fusion-flex-container has-pattern-background has-mask-background nonhundred-percent-fullwidth non-hundred-percent-height-scrolling\" style=\"--awb-border-radius-top-left:0px;--awb-border-radius-top-right:0px;--awb-border-radius-bottom-right:0px;--awb-border-radius-bottom-left:0px;--awb-margin-top:25px;--awb-margin-bottom:25px;--awb-flex-wrap:wrap;\" ><div class=\"fusion-builder-row fusion-row fusion-flex-align-items-flex-start fusion-flex-content-wrap\" style=\"max-width:1064.96px;margin-left: calc(-4% \/ 2 );margin-right: calc(-4% \/ 2 );\"><div class=\"fusion-layout-column fusion_builder_column fusion-builder-column-1 fusion_builder_column_1_1 1_1 fusion-flex-column\" style=\"--awb-padding-right:25px;--awb-bg-size:cover;--awb-width-large:100%;--awb-margin-top-large:0px;--awb-spacing-right-large:1.92%;--awb-margin-bottom-large:20px;--awb-spacing-left-large:1.92%;--awb-width-medium:100%;--awb-order-medium:0;--awb-spacing-right-medium:1.92%;--awb-spacing-left-medium:1.92%;--awb-width-small:100%;--awb-order-small:0;--awb-spacing-right-small:1.92%;--awb-spacing-left-small:1.92%;\" data-scroll-devices=\"small-visibility,medium-visibility,large-visibility\"><div class=\"fusion-column-wrapper fusion-column-has-shadow fusion-flex-justify-content-flex-start fusion-content-layout-column\"><div class=\"fusion-text fusion-text-2\"><p>Bien s\u00fbr, nous proposons aussi des formations sp\u00e9cifiques en hospitalit\u00e9 \u2014 de l\u2019\u00e9tiquette \u00e0 l\u2019upselling chaleureux, et bien plus encore.<br \/>\nMais soyons honn\u00eates : une formation, aussi pertinente soit-elle, ne reste qu\u2019une pi\u00e8ce du puzzle dans le d\u00e9veloppement global de l\u2019hospitalit\u00e9.<\/p>\n<p>Le vrai changement durable ne se produit que lorsque l\u2019organisation s\u2019implique elle-m\u00eame activement.<br \/>\nNous sommes l\u00e0 pour vous inspirer, vous accompagner, vous soutenir\u2026 Mais l\u2019hospitalit\u00e9 ne vient pas de l\u2019ext\u00e9rieur : elle na\u00eet et grandit dans vos \u00e9quipes. Elle doit vibrer, respirer et se vivre au sein m\u00eame de vos \u00e9quipes.<\/p>\n<p>Envie de d\u00e9couvrir les formations qui peuvent donner un formidable coup d\u2019\u00e9lan \u00e0 votre d\u00e9marche ?<\/p>\n<\/div><\/div><\/div><\/div><\/div><div class=\"fusion-fullwidth fullwidth-box fusion-builder-row-3 fusion-flex-container has-pattern-background has-mask-background nonhundred-percent-fullwidth non-hundred-percent-height-scrolling\" style=\"--awb-border-radius-top-left:0px;--awb-border-radius-top-right:0px;--awb-border-radius-bottom-right:0px;--awb-border-radius-bottom-left:0px;--awb-flex-wrap:wrap;\" ><div class=\"fusion-builder-row fusion-row fusion-flex-align-items-flex-start fusion-flex-content-wrap\" style=\"max-width:1064.96px;margin-left: calc(-4% \/ 2 );margin-right: calc(-4% \/ 2 );\"><div class=\"fusion-layout-column fusion_builder_column fusion-builder-column-2 fusion_builder_column_1_1 1_1 fusion-flex-column fusion-column-inner-bg-wrapper\" style=\"--awb-inner-bg-color:var(--awb-color1);--awb-inner-bg-color-hover:var(--awb-color1);--awb-inner-bg-size:cover;--awb-width-large:100%;--awb-margin-top-large:0px;--awb-spacing-right-large:1.92%;--awb-margin-bottom-large:20px;--awb-spacing-left-large:1.92%;--awb-width-medium:100%;--awb-order-medium:0;--awb-spacing-right-medium:1.92%;--awb-spacing-left-medium:1.92%;--awb-width-small:100%;--awb-order-small:0;--awb-spacing-right-small:1.92%;--awb-spacing-left-small:1.92%;\"><span class=\"fusion-column-inner-bg hover-type-none\"><a class=\"fusion-column-anchor\" href=\"https:\/\/hospitality-creators.be\/fr\/plus-dhospitalite\/formations\/\"><span class=\"fusion-column-inner-bg-image\"><\/span><\/a><\/span><div class=\"fusion-column-wrapper fusion-column-has-shadow fusion-flex-justify-content-flex-start fusion-content-layout-column\"><div ><a class=\"fusion-button button-flat fusion-button-default-size button-custom fusion-button-default button-1 fusion-button-default-span fusion-button-default-type\" style=\"--button_accent_color:var(--awb-custom14);--button_border_color:var(--awb-custom18);--button_accent_hover_color:var(--awb-color1);--button_border_hover_color:var(--awb-color1);--button-border-radius-top-left:0;--button-border-radius-top-right:0;--button-border-radius-bottom-right:0;--button-border-radius-bottom-left:0;--button_gradient_top_color:var(--awb-custom15);--button_gradient_bottom_color:var(--awb-custom15);--button_gradient_top_color_hover:hsla(var(--awb-color5-h),calc(var(--awb-color5-s) - 5%),calc(var(--awb-color5-l) - 10%),var(--awb-color5-a));--button_gradient_bottom_color_hover:hsla(var(--awb-color5-h),calc(var(--awb-color5-s) - 5%),calc(var(--awb-color5-l) - 10%),var(--awb-color5-a));\" target=\"_self\" href=\"https:\/\/hospitality-creators.be\/fr\/plus-dhospitalite\/formations\/\"><span class=\"fusion-button-text awb-button__text awb-button__text--default\">D\u00e9couvrez nos formations<\/span><\/a><\/div><\/div><\/div><\/div><\/div><div class=\"fusion-fullwidth fullwidth-box fusion-builder-row-4 fusion-flex-container has-pattern-background has-mask-background nonhundred-percent-fullwidth non-hundred-percent-height-scrolling\" style=\"--awb-border-radius-top-left:0px;--awb-border-radius-top-right:0px;--awb-border-radius-bottom-right:0px;--awb-border-radius-bottom-left:0px;--awb-background-color:var(--awb-custom13);--awb-flex-wrap:wrap;\" ><div class=\"fusion-builder-row fusion-row fusion-flex-align-items-flex-start fusion-flex-content-wrap\" style=\"max-width:1064.96px;margin-left: calc(-4% \/ 2 );margin-right: calc(-4% \/ 2 );\"><div class=\"fusion-layout-column fusion_builder_column fusion-builder-column-3 fusion_builder_column_1_1 1_1 fusion-flex-column\" style=\"--awb-bg-size:cover;--awb-width-large:100%;--awb-margin-top-large:0px;--awb-spacing-right-large:1.92%;--awb-margin-bottom-large:20px;--awb-spacing-left-large:1.92%;--awb-width-medium:100%;--awb-order-medium:0;--awb-spacing-right-medium:1.92%;--awb-spacing-left-medium:1.92%;--awb-width-small:100%;--awb-order-small:0;--awb-spacing-right-small:1.92%;--awb-spacing-left-small:1.92%;\"><div class=\"fusion-column-wrapper fusion-column-has-shadow fusion-flex-justify-content-flex-start fusion-content-layout-column\"><div class=\"fusion-text fusion-text-3 fusion-text-no-margin\" style=\"--awb-font-size:55px;--awb-margin-top:50px;--awb-margin-bottom:50px;\"><p style=\"text-align: center;\"><span style=\"color: #fdfbf5;\">L\u2019inspiration qui transforme votre vision de l\u2019hospitalit\u00e9<\/span><\/p>\n<\/div><\/div><\/div><\/div><\/div><div class=\"fusion-fullwidth fullwidth-box fusion-builder-row-5 fusion-flex-container has-pattern-background has-mask-background nonhundred-percent-fullwidth non-hundred-percent-height-scrolling\" style=\"--awb-border-radius-top-left:0px;--awb-border-radius-top-right:0px;--awb-border-radius-bottom-right:0px;--awb-border-radius-bottom-left:0px;--awb-margin-top:25px;--awb-margin-bottom:25px;--awb-flex-wrap:wrap;\" ><div class=\"fusion-builder-row fusion-row fusion-flex-align-items-flex-start fusion-flex-content-wrap\" style=\"max-width:1064.96px;margin-left: calc(-4% \/ 2 );margin-right: calc(-4% \/ 2 );\"><div class=\"fusion-layout-column fusion_builder_column fusion-builder-column-4 fusion_builder_column_1_2 1_2 fusion-flex-column\" style=\"--awb-bg-size:cover;--awb-width-large:50%;--awb-margin-top-large:0px;--awb-spacing-right-large:3.84%;--awb-margin-bottom-large:20px;--awb-spacing-left-large:3.84%;--awb-width-medium:50%;--awb-order-medium:0;--awb-spacing-right-medium:3.84%;--awb-spacing-left-medium:3.84%;--awb-width-small:100%;--awb-order-small:0;--awb-spacing-right-small:1.92%;--awb-spacing-left-small:1.92%;\"><div class=\"fusion-column-wrapper fusion-column-has-shadow fusion-flex-justify-content-flex-start fusion-content-layout-column\"><div class=\"fusion-image-element \" style=\"--awb-caption-title-font-family:var(--h2_typography-font-family);--awb-caption-title-font-weight:var(--h2_typography-font-weight);--awb-caption-title-font-style:var(--h2_typography-font-style);--awb-caption-title-size:var(--h2_typography-font-size);--awb-caption-title-transform:var(--h2_typography-text-transform);--awb-caption-title-line-height:var(--h2_typography-line-height);--awb-caption-title-letter-spacing:var(--h2_typography-letter-spacing);\"><span class=\" fusion-imageframe imageframe-none imageframe-1 hover-type-none\"><img decoding=\"async\" width=\"600\" height=\"750\" title=\"Kevin zakelijk-traingen\" src=\"https:\/\/hospitality-creators.be\/wp-content\/uploads\/2025\/09\/Kevin-zakelijk-traingen.jpg\" alt class=\"img-responsive wp-image-4920\" srcset=\"https:\/\/hospitality-creators.be\/wp-content\/uploads\/2025\/09\/Kevin-zakelijk-traingen-200x250.jpg 200w, https:\/\/hospitality-creators.be\/wp-content\/uploads\/2025\/09\/Kevin-zakelijk-traingen-400x500.jpg 400w, https:\/\/hospitality-creators.be\/wp-content\/uploads\/2025\/09\/Kevin-zakelijk-traingen.jpg 600w\" sizes=\"(max-width: 640px) 100vw, 600px\" \/><\/span><\/div><\/div><\/div><div class=\"fusion-layout-column fusion_builder_column fusion-builder-column-5 fusion_builder_column_1_2 1_2 fusion-flex-column\" style=\"--awb-bg-size:cover;--awb-width-large:50%;--awb-margin-top-large:0px;--awb-spacing-right-large:3.84%;--awb-margin-bottom-large:20px;--awb-spacing-left-large:3.84%;--awb-width-medium:50%;--awb-order-medium:0;--awb-spacing-right-medium:3.84%;--awb-spacing-left-medium:3.84%;--awb-width-small:100%;--awb-order-small:0;--awb-spacing-right-small:1.92%;--awb-spacing-left-small:1.92%;\"><div class=\"fusion-column-wrapper fusion-column-has-shadow fusion-flex-justify-content-flex-start fusion-content-layout-column\"><div class=\"fusion-text fusion-text-4\" style=\"--awb-font-size:45px;\"><p>Pour qui?<\/p>\n<\/div><div class=\"fusion-text fusion-text-5\"><p>Nos conf\u00e9rences d\u2019inspiration offrent un regard frais et vivant sur tout ce que vous avez toujours voulu savoir sur l\u2019\u00e9tiquette.<\/p>\n<p>Nous d\u00e9montrons combien l\u2019\u00e9tiquette, loin d\u2019\u00eatre poussi\u00e9reuse, poss\u00e8de aujourd\u2019hui une valeur surprenante \u2014 autant dans la sph\u00e8re priv\u00e9e que dans le monde professionnel.<\/p>\n<p>&nbsp;<\/p>\n<p>Attendez-vous non pas \u00e0 une s\u00e9rie de r\u00e8gles fig\u00e9es, mais \u00e0 des histoires captivantes, des situations concr\u00e8tes et un zeste d\u2019humour.<\/p>\n<\/div><\/div><\/div><\/div><\/div><div class=\"fusion-fullwidth fullwidth-box fusion-builder-row-6 fusion-flex-container has-pattern-background has-mask-background nonhundred-percent-fullwidth non-hundred-percent-height-scrolling\" style=\"--awb-border-radius-top-left:0px;--awb-border-radius-top-right:0px;--awb-border-radius-bottom-right:0px;--awb-border-radius-bottom-left:0px;--awb-flex-wrap:wrap;\" ><div class=\"fusion-builder-row fusion-row fusion-flex-align-items-flex-start fusion-flex-content-wrap\" style=\"max-width:1064.96px;margin-left: calc(-4% \/ 2 );margin-right: calc(-4% \/ 2 );\"><div class=\"fusion-layout-column fusion_builder_column fusion-builder-column-6 fusion_builder_column_1_2 1_2 fusion-flex-column\" style=\"--awb-bg-size:cover;--awb-width-large:50%;--awb-margin-top-large:0px;--awb-spacing-right-large:3.84%;--awb-margin-bottom-large:20px;--awb-spacing-left-large:3.84%;--awb-width-medium:50%;--awb-order-medium:0;--awb-spacing-right-medium:3.84%;--awb-spacing-left-medium:3.84%;--awb-width-small:100%;--awb-order-small:0;--awb-spacing-right-small:1.92%;--awb-spacing-left-small:1.92%;\"><div class=\"fusion-column-wrapper fusion-column-has-shadow fusion-flex-justify-content-flex-start fusion-content-layout-column\"><div class=\"fusion-text fusion-text-6 fusion-animated\" style=\"--awb-font-size:45px;\" data-animationType=\"fadeInLeft\" data-animationDuration=\"0.3\" data-animationOffset=\"top-into-view\"><p>A quoi s\u2019attendre ?<\/p>\n<\/div><\/div><\/div><div class=\"fusion-layout-column fusion_builder_column fusion-builder-column-7 fusion_builder_column_1_2 1_2 fusion-flex-column\" style=\"--awb-bg-size:cover;--awb-width-large:50%;--awb-margin-top-large:0px;--awb-spacing-right-large:3.84%;--awb-margin-bottom-large:20px;--awb-spacing-left-large:3.84%;--awb-width-medium:50%;--awb-order-medium:0;--awb-spacing-right-medium:3.84%;--awb-spacing-left-medium:3.84%;--awb-width-small:100%;--awb-order-small:0;--awb-spacing-right-small:1.92%;--awb-spacing-left-small:1.92%;\"><div class=\"fusion-column-wrapper fusion-column-has-shadow fusion-flex-justify-content-flex-start fusion-content-layout-column\"><div class=\"fusion-text fusion-text-7\"><p><strong>L\u2019\u00e9tiquette classique:<\/strong> de l\u2019art de se placer \u00e0 table jusqu\u2019aux secrets des couverts.<\/p>\n<p><strong>L\u2019\u00e9tiquette moderne<\/strong>: comment naviguer avec \u00e9l\u00e9gance entre smartphones, r\u00e9seaux sociaux et vie digitale.<\/p>\n<p><strong>L\u2019\u00e9tiquette internationale:<\/strong> comprendre pourquoi nos habitudes ne sont pas toujours la norme universelle.<\/p>\n<\/div><\/div><\/div><div class=\"fusion-layout-column fusion_builder_column fusion-builder-column-8 fusion_builder_column_1_1 1_1 fusion-flex-column\" style=\"--awb-bg-size:cover;--awb-width-large:100%;--awb-margin-top-large:0px;--awb-spacing-right-large:1.92%;--awb-margin-bottom-large:20px;--awb-spacing-left-large:1.92%;--awb-width-medium:100%;--awb-order-medium:0;--awb-spacing-right-medium:1.92%;--awb-spacing-left-medium:1.92%;--awb-width-small:100%;--awb-order-small:0;--awb-spacing-right-small:1.92%;--awb-spacing-left-small:1.92%;\"><div class=\"fusion-column-wrapper fusion-column-has-shadow fusion-flex-justify-content-flex-start fusion-content-layout-column\"><div class=\"fusion-text fusion-text-8\"><p>Nous partageons avec enthousiasme notre passion pour l\u2019\u00e9tiquette contemporaine et l\u2019hospitalit\u00e9. <span style=\"background-color: rgba(0, 0, 0, 0);\">Pas de discours standardis\u00e9, mais une session soigneusement adapt\u00e9e \u00e0 votre secteur et \u00e0 votre public.&nbsp;<\/span>Nous transformons l\u2019hospitalit\u00e9 en une exp\u00e9rience tangible, ludique et m\u00e9morable.<\/p>\n<\/div><\/div><\/div><\/div><\/div><\/p>\n","protected":false},"excerpt":{"rendered":"","protected":false},"author":1,"featured_media":0,"parent":0,"menu_order":0,"comment_status":"closed","ping_status":"closed","template":"100-width.php","meta":{"footnotes":""},"class_list":["post-4919","page","type-page","status-publish","hentry"],"yoast_head":"<!-- This site is optimized with the Yoast SEO plugin v27.5 - https:\/\/yoast.com\/product\/yoast-seo-wordpress\/ -->\n<title>Plus d\u2019hospitalit\u00e9 - Hospitality Creators<\/title>\n<meta name=\"robots\" content=\"index, follow, max-snippet:-1, max-image-preview:large, max-video-preview:-1\" \/>\n<link rel=\"canonical\" href=\"https:\/\/hospitality-creators.be\/fr\/plus-dhospitalite\/\" \/>\n<meta property=\"og:locale\" content=\"fr_FR\" \/>\n<meta property=\"og:type\" content=\"article\" \/>\n<meta property=\"og:title\" content=\"Plus d\u2019hospitalit\u00e9 - Hospitality Creators\" \/>\n<meta property=\"og:url\" content=\"https:\/\/hospitality-creators.be\/fr\/plus-dhospitalite\/\" \/>\n<meta property=\"og:site_name\" content=\"Hospitality Creators\" \/>\n<meta property=\"article:publisher\" content=\"https:\/\/www.facebook.com\/wecreatehospitality\" \/>\n<meta property=\"article:modified_time\" content=\"2025-10-04T19:01:23+00:00\" \/>\n<meta name=\"twitter:card\" content=\"summary_large_image\" \/>\n<meta name=\"twitter:label1\" content=\"Dur\u00e9e de lecture estim\u00e9e\" \/>\n\t<meta name=\"twitter:data1\" content=\"2 minutes\" \/>\n<script type=\"application\/ld+json\" class=\"yoast-schema-graph\">{\"@context\":\"https:\\\/\\\/schema.org\",\"@graph\":[{\"@type\":\"WebPage\",\"@id\":\"https:\\\/\\\/hospitality-creators.be\\\/fr\\\/plus-dhospitalite\\\/\",\"url\":\"https:\\\/\\\/hospitality-creators.be\\\/fr\\\/plus-dhospitalite\\\/\",\"name\":\"Plus d\u2019hospitalit\u00e9 - Hospitality Creators\",\"isPartOf\":{\"@id\":\"https:\\\/\\\/hospitality-creators.be\\\/#website\"},\"datePublished\":\"2025-08-28T19:23:21+00:00\",\"dateModified\":\"2025-10-04T19:01:23+00:00\",\"breadcrumb\":{\"@id\":\"https:\\\/\\\/hospitality-creators.be\\\/fr\\\/plus-dhospitalite\\\/#breadcrumb\"},\"inLanguage\":\"fr-FR\",\"potentialAction\":[{\"@type\":\"ReadAction\",\"target\":[\"https:\\\/\\\/hospitality-creators.be\\\/fr\\\/plus-dhospitalite\\\/\"]}]},{\"@type\":\"BreadcrumbList\",\"@id\":\"https:\\\/\\\/hospitality-creators.be\\\/fr\\\/plus-dhospitalite\\\/#breadcrumb\",\"itemListElement\":[{\"@type\":\"ListItem\",\"position\":1,\"name\":\"Home\",\"item\":\"https:\\\/\\\/hospitality-creators.be\\\/fr\\\/\"},{\"@type\":\"ListItem\",\"position\":2,\"name\":\"Plus d\u2019hospitalit\u00e9\"}]},{\"@type\":\"WebSite\",\"@id\":\"https:\\\/\\\/hospitality-creators.be\\\/#website\",\"url\":\"https:\\\/\\\/hospitality-creators.be\\\/\",\"name\":\"Hospitality Creators\",\"description\":\"Wij brengen hospitality in uw bedrijf!\",\"publisher\":{\"@id\":\"https:\\\/\\\/hospitality-creators.be\\\/#organization\"},\"potentialAction\":[{\"@type\":\"SearchAction\",\"target\":{\"@type\":\"EntryPoint\",\"urlTemplate\":\"https:\\\/\\\/hospitality-creators.be\\\/?s={search_term_string}\"},\"query-input\":{\"@type\":\"PropertyValueSpecification\",\"valueRequired\":true,\"valueName\":\"search_term_string\"}}],\"inLanguage\":\"fr-FR\"},{\"@type\":\"Organization\",\"@id\":\"https:\\\/\\\/hospitality-creators.be\\\/#organization\",\"name\":\"Hospitality Creators\",\"url\":\"https:\\\/\\\/hospitality-creators.be\\\/\",\"logo\":{\"@type\":\"ImageObject\",\"inLanguage\":\"fr-FR\",\"@id\":\"https:\\\/\\\/hospitality-creators.be\\\/#\\\/schema\\\/logo\\\/image\\\/\",\"url\":\"https:\\\/\\\/hospitality-creators.be\\\/wp-content\\\/uploads\\\/2020\\\/05\\\/android-icon-144x144-1.png\",\"contentUrl\":\"https:\\\/\\\/hospitality-creators.be\\\/wp-content\\\/uploads\\\/2020\\\/05\\\/android-icon-144x144-1.png\",\"width\":144,\"height\":144,\"caption\":\"Hospitality Creators\"},\"image\":{\"@id\":\"https:\\\/\\\/hospitality-creators.be\\\/#\\\/schema\\\/logo\\\/image\\\/\"},\"sameAs\":[\"https:\\\/\\\/www.facebook.com\\\/wecreatehospitality\"]}]}<\/script>\n<!-- \/ Yoast SEO plugin. -->","yoast_head_json":{"title":"Plus d\u2019hospitalit\u00e9 - Hospitality Creators","robots":{"index":"index","follow":"follow","max-snippet":"max-snippet:-1","max-image-preview":"max-image-preview:large","max-video-preview":"max-video-preview:-1"},"canonical":"https:\/\/hospitality-creators.be\/fr\/plus-dhospitalite\/","og_locale":"fr_FR","og_type":"article","og_title":"Plus d\u2019hospitalit\u00e9 - Hospitality Creators","og_url":"https:\/\/hospitality-creators.be\/fr\/plus-dhospitalite\/","og_site_name":"Hospitality Creators","article_publisher":"https:\/\/www.facebook.com\/wecreatehospitality","article_modified_time":"2025-10-04T19:01:23+00:00","twitter_card":"summary_large_image","twitter_misc":{"Dur\u00e9e de lecture estim\u00e9e":"2 minutes"},"schema":{"@context":"https:\/\/schema.org","@graph":[{"@type":"WebPage","@id":"https:\/\/hospitality-creators.be\/fr\/plus-dhospitalite\/","url":"https:\/\/hospitality-creators.be\/fr\/plus-dhospitalite\/","name":"Plus d\u2019hospitalit\u00e9 - Hospitality Creators","isPartOf":{"@id":"https:\/\/hospitality-creators.be\/#website"},"datePublished":"2025-08-28T19:23:21+00:00","dateModified":"2025-10-04T19:01:23+00:00","breadcrumb":{"@id":"https:\/\/hospitality-creators.be\/fr\/plus-dhospitalite\/#breadcrumb"},"inLanguage":"fr-FR","potentialAction":[{"@type":"ReadAction","target":["https:\/\/hospitality-creators.be\/fr\/plus-dhospitalite\/"]}]},{"@type":"BreadcrumbList","@id":"https:\/\/hospitality-creators.be\/fr\/plus-dhospitalite\/#breadcrumb","itemListElement":[{"@type":"ListItem","position":1,"name":"Home","item":"https:\/\/hospitality-creators.be\/fr\/"},{"@type":"ListItem","position":2,"name":"Plus d\u2019hospitalit\u00e9"}]},{"@type":"WebSite","@id":"https:\/\/hospitality-creators.be\/#website","url":"https:\/\/hospitality-creators.be\/","name":"Hospitality Creators","description":"Wij brengen hospitality in uw bedrijf!","publisher":{"@id":"https:\/\/hospitality-creators.be\/#organization"},"potentialAction":[{"@type":"SearchAction","target":{"@type":"EntryPoint","urlTemplate":"https:\/\/hospitality-creators.be\/?s={search_term_string}"},"query-input":{"@type":"PropertyValueSpecification","valueRequired":true,"valueName":"search_term_string"}}],"inLanguage":"fr-FR"},{"@type":"Organization","@id":"https:\/\/hospitality-creators.be\/#organization","name":"Hospitality Creators","url":"https:\/\/hospitality-creators.be\/","logo":{"@type":"ImageObject","inLanguage":"fr-FR","@id":"https:\/\/hospitality-creators.be\/#\/schema\/logo\/image\/","url":"https:\/\/hospitality-creators.be\/wp-content\/uploads\/2020\/05\/android-icon-144x144-1.png","contentUrl":"https:\/\/hospitality-creators.be\/wp-content\/uploads\/2020\/05\/android-icon-144x144-1.png","width":144,"height":144,"caption":"Hospitality Creators"},"image":{"@id":"https:\/\/hospitality-creators.be\/#\/schema\/logo\/image\/"},"sameAs":["https:\/\/www.facebook.com\/wecreatehospitality"]}]}},"_links":{"self":[{"href":"https:\/\/hospitality-creators.be\/fr\/wp-json\/wp\/v2\/pages\/4919","targetHints":{"allow":["GET"]}}],"collection":[{"href":"https:\/\/hospitality-creators.be\/fr\/wp-json\/wp\/v2\/pages"}],"about":[{"href":"https:\/\/hospitality-creators.be\/fr\/wp-json\/wp\/v2\/types\/page"}],"author":[{"embeddable":true,"href":"https:\/\/hospitality-creators.be\/fr\/wp-json\/wp\/v2\/users\/1"}],"replies":[{"embeddable":true,"href":"https:\/\/hospitality-creators.be\/fr\/wp-json\/wp\/v2\/comments?post=4919"}],"version-history":[{"count":10,"href":"https:\/\/hospitality-creators.be\/fr\/wp-json\/wp\/v2\/pages\/4919\/revisions"}],"predecessor-version":[{"id":5119,"href":"https:\/\/hospitality-creators.be\/fr\/wp-json\/wp\/v2\/pages\/4919\/revisions\/5119"}],"wp:attachment":[{"href":"https:\/\/hospitality-creators.be\/fr\/wp-json\/wp\/v2\/media?parent=4919"}],"curies":[{"name":"wp","href":"https:\/\/api.w.org\/{rel}","templated":true}]}}